{"id":11,"date":"2021-06-12T06:25:44","date_gmt":"2021-06-12T06:25:44","guid":{"rendered":"http:\/\/reydaenerji.com.tr\/?page_id=11"},"modified":"2025-06-19T13:51:39","modified_gmt":"2025-06-19T13:51:39","slug":"services","status":"publish","type":"page","link":"https:\/\/reydaenerji.com.tr\/?page_id=11","title":{"rendered":"Services"},"content":{"rendered":"\t\t<div data-elementor-type=\"wp-page\" data-elementor-id=\"11\" class=\"elementor elementor-11\">\n\t\t\t\t\t\t<section class=\"elementor-section elementor-top-section elementor-element elementor-element-623ea53 elementor-section-boxed elementor-section-height-default elementor-section-height-default\" data-id=\"623ea53\" data-element_type=\"section\" data-e-type=\"section\" data-settings=\"{&quot;background_background&quot;:&quot;classic&quot;}\">\n\t\t\t\t\t\t\t<div class=\"elementor-background-overlay\"><\/div>\n\t\t\t\t\t\t\t<div class=\"elementor-container elementor-column-gap-no\">\n\t\t\t\t\t<div class=\"elementor-column elementor-col-100 elementor-top-column elementor-element elementor-element-21ddeff\" data-id=\"21ddeff\" data-element_type=\"column\" data-e-type=\"column\">\n\t\t\t<div class=\"elementor-widget-wrap elementor-element-populated\">\n\t\t\t\t\t\t<div class=\"elementor-element elementor-element-a09d3bc elementor-widget elementor-widget-heading\" data-id=\"a09d3bc\" data-element_type=\"widget\" data-e-type=\"widget\" data-widget_type=\"heading.default\">\n\t\t\t\t<div class=\"elementor-widget-container\">\n\t\t\t\t\t<h1 class=\"elementor-heading-title elementor-size-default\">Hizmetlerimiz<\/h1>\t\t\t\t<\/div>\n\t\t\t\t<\/div>\n\t\t\t\t\t<\/div>\n\t\t<\/div>\n\t\t\t\t\t<\/div>\n\t\t<\/section>\n\t\t\t\t<section class=\"elementor-section elementor-top-section elementor-element elementor-element-e6eecd6 elementor-section-boxed elementor-section-height-default elementor-section-height-default\" data-id=\"e6eecd6\" data-element_type=\"section\" data-e-type=\"section\" data-settings=\"{&quot;background_background&quot;:&quot;classic&quot;}\">\n\t\t\t\t\t\t\t<div class=\"elementor-background-overlay\"><\/div>\n\t\t\t\t\t\t\t<div class=\"elementor-container elementor-column-gap-no\">\n\t\t\t\t\t<div class=\"elementor-column elementor-col-100 elementor-top-column elementor-element elementor-element-75764c5\" data-id=\"75764c5\" data-element_type=\"column\" data-e-type=\"column\">\n\t\t\t<div class=\"elementor-widget-wrap elementor-element-populated\">\n\t\t\t\t\t\t<div class=\"elementor-element elementor-element-1dbc89b elementor-widget elementor-widget-heading\" data-id=\"1dbc89b\" data-element_type=\"widget\" data-e-type=\"widget\" data-widget_type=\"heading.default\">\n\t\t\t\t<div class=\"elementor-widget-container\">\n\t\t\t\t\t<h2 class=\"elementor-heading-title elementor-size-default\">Hizmetlerimiz<\/h2>\t\t\t\t<\/div>\n\t\t\t\t<\/div>\n\t\t\t\t<div class=\"elementor-element elementor-element-b9529bc elementor-widget__width-initial elementor-widget-tablet__width-initial elementor-widget-mobile__width-inherit elementor-position-top elementor-widget elementor-widget-image-box\" data-id=\"b9529bc\" data-element_type=\"widget\" data-e-type=\"widget\" data-widget_type=\"image-box.default\">\n\t\t\t\t<div class=\"elementor-widget-container\">\n\t\t\t\t\t<div class=\"elementor-image-box-wrapper\"><figure class=\"elementor-image-box-img\"><img decoding=\"async\" width=\"150\" height=\"150\" src=\"https:\/\/reydaenerji.com.tr\/wp-content\/uploads\/2022\/10\/EPC-Logo-150x150.png\" class=\"attachment-thumbnail size-thumbnail wp-image-1035\" alt=\"\" srcset=\"https:\/\/reydaenerji.com.tr\/wp-content\/uploads\/2022\/10\/EPC-Logo-150x150.png 150w, https:\/\/reydaenerji.com.tr\/wp-content\/uploads\/2022\/10\/EPC-Logo-300x300.png 300w, https:\/\/reydaenerji.com.tr\/wp-content\/uploads\/2022\/10\/EPC-Logo.png 403w\" sizes=\"(max-width: 150px) 100vw, 150px\" \/><\/figure><div class=\"elementor-image-box-content\"><h4 class=\"elementor-image-box-title\">Anahtar Teslim EPC<\/h4><p class=\"elementor-image-box-description\">Birinci S\u0131n\u0131f Malzeme, Y\u00fcksek Kaliteli \u0130\u015f\u00e7ilik\n<br><br>\nReyda Enerji, b\u00fcy\u00fck \u00f6l\u00e7ekli arazi ve \u00e7at\u0131 tipi fotovoltaik g\u00fcne\u015f enerjisi santralleri (GES) kuran deneyimli bir m\u00fchendislik ve taahh\u00fct firmas\u0131d\u0131r.<br><br>\n\nReyda Enerji, PV projelerinizde saha se\u00e7iminden, sistem tasar\u0131m\u0131na, tesis kurulumundan idari s\u00fcre\u00e7lerin y\u00f6netimine kadar t\u00fcm a\u015famalarda A dan Z\u2019 ye hizmet sunmaktad\u0131r.<br><br>\n\nReyda Enerji kurulu\u015fundan bu yana, deneyimli kadrosu ve alan uzmanlar\u0131yla GES projelerinizin teknik, finansal ve hukuki boyutlar\u0131yla profesyonel d\u00fczeyde \u00e7\u00f6z\u00fcmler \u00fcretmektedir.<\/p><\/div><\/div>\t\t\t\t<\/div>\n\t\t\t\t<\/div>\n\t\t\t\t<div class=\"elementor-element elementor-element-1ee8e7c elementor-widget__width-initial elementor-widget-tablet__width-initial elementor-widget-mobile__width-inherit elementor-position-top elementor-widget elementor-widget-image-box\" data-id=\"1ee8e7c\" data-element_type=\"widget\" data-e-type=\"widget\" data-widget_type=\"image-box.default\">\n\t\t\t\t<div class=\"elementor-widget-container\">\n\t\t\t\t\t<div class=\"elementor-image-box-wrapper\"><figure class=\"elementor-image-box-img\"><img decoding=\"async\" width=\"150\" height=\"150\" src=\"https:\/\/reydaenerji.com.tr\/wp-content\/uploads\/2022\/10\/Bakim-Onarim-150x150.jpg\" class=\"attachment-thumbnail size-thumbnail wp-image-1037\" alt=\"\" srcset=\"https:\/\/reydaenerji.com.tr\/wp-content\/uploads\/2022\/10\/Bakim-Onarim-150x150.jpg 150w, https:\/\/reydaenerji.com.tr\/wp-content\/uploads\/2022\/10\/Bakim-Onarim-300x300.jpg 300w, https:\/\/reydaenerji.com.tr\/wp-content\/uploads\/2022\/10\/Bakim-Onarim-768x769.jpg 768w, https:\/\/reydaenerji.com.tr\/wp-content\/uploads\/2022\/10\/Bakim-Onarim.jpg 1023w\" sizes=\"(max-width: 150px) 100vw, 150px\" \/><\/figure><div class=\"elementor-image-box-content\"><h4 class=\"elementor-image-box-title\">GES Bak\u0131m &amp; Onar\u0131m<\/h4><p class=\"elementor-image-box-description\">Reyda Enerji olarak kendi ekiplerimizle kapsaml\u0131 bir i\u015fletme ve bak\u0131m hizmeti sunuyoruz. <br><br>Farkl\u0131 tipte kurulan fotovoltaik g\u00fcne\u015f enerjisi santralleri i\u00e7in onar\u0131c\u0131, koruyucu ve \u00f6ng\u00f6r\u00fcc\u00fc bak\u0131m hizmetleri sa\u011fl\u0131yoruz. <br><br>\u0130\u015fletme ve bak\u0131m hizmet portf\u00f6y\u00fcm\u00fcz i\u00e7inde <b>performans takibi, tesis y\u00f6netimi, uzaktan izleme ve di\u011fer idari servisler<\/b> de yer almaktad\u0131r.<br><br>\n\nReyda Enerji, farkl\u0131 y\u00fckleniciler taraf\u0131ndan kurulan fotovoltaik g\u00fcne\u015f enerjisi santrallerinde sistem performans\u0131n\u0131 optimize etmek ve sistem verimlili\u011fini maksimize etmek i\u00e7in, sistem analizi ve de\u011ferlendirme hizmeti de sunmaktad\u0131r.<\/p><\/div><\/div>\t\t\t\t<\/div>\n\t\t\t\t<\/div>\n\t\t\t\t<div class=\"elementor-element elementor-element-cd7a0c6 elementor-widget__width-initial elementor-widget-tablet__width-initial elementor-widget-mobile__width-inherit elementor-position-top elementor-widget elementor-widget-image-box\" data-id=\"cd7a0c6\" data-element_type=\"widget\" data-e-type=\"widget\" data-widget_type=\"image-box.default\">\n\t\t\t\t<div class=\"elementor-widget-container\">\n\t\t\t\t\t<div class=\"elementor-image-box-wrapper\"><figure class=\"elementor-image-box-img\"><img decoding=\"async\" width=\"150\" height=\"150\" src=\"https:\/\/reydaenerji.com.tr\/wp-content\/uploads\/2022\/11\/portfoy-yonetimi-150x150.jpg\" class=\"attachment-thumbnail size-thumbnail wp-image-1104\" alt=\"\" \/><\/figure><div class=\"elementor-image-box-content\"><h4 class=\"elementor-image-box-title\">Fotovoltaik (FV) Portf\u00f6y Y\u00f6netimi.<\/h4><p class=\"elementor-image-box-description\">G\u00fcne\u015f Enerji santrali almak m\u0131, satmak m\u0131 istersiniz?<br>\n<b>GES Ticareti<\/b>: <br>\nSantralinizi satmak veya santral almak isterseniz, Reyda Enerji sat\u0131\u015f ve sat\u0131n alma da  destek olmaktad\u0131r.<br><br>\n\n<b>Geli\u015ftir-Yap-Devret<\/b>: <br>Reyda Enerji s\u0131f\u0131rdan proje geli\u015ftirmekte ya da bir projenin t\u00fcm haklar\u0131n\u0131 \u00fc\u00e7\u00fcnc\u00fc \u015fah\u0131slardan sat\u0131n al\u0131p anahtar teslim kurulumu yap\u0131p devretmektedir.<br><br>\n\n<b>Yap-\u0130\u015flet-Devret<\/b>: <br>Kendi projenizi geli\u015ftirdiniz ve enerji santralinizin kurulmas\u0131n\u0131 istiyor ama finansal ve operasyonel risk almak istemiyor musunuz?<br>\nReyda Enerji santralinizi i\u015fletebilir ve ek teminat olmadan gelecekteki nakit ak\u0131\u015flar\u0131na g\u00f6re size g\u00fcvenli proje finansman\u0131 sa\u011flayabilir. Santral, \u00fcretimiyle borcunu \u00f6dedikten sonra devredilir.<\/p><\/div><\/div>\t\t\t\t<\/div>\n\t\t\t\t<\/div>\n\t\t\t\t\t<\/div>\n\t\t<\/div>\n\t\t\t\t\t<\/div>\n\t\t<\/section>\n\t\t\t\t<section class=\"elementor-section elementor-top-section elementor-element elementor-element-fdb1e5e elementor-section-boxed elementor-section-height-default elementor-section-height-default\" data-id=\"fdb1e5e\" data-element_type=\"section\" data-e-type=\"section\" data-settings=\"{&quot;shape_divider_top&quot;:&quot;opacity-tilt&quot;,&quot;background_background&quot;:&quot;classic&quot;}\">\n\t\t\t\t\t\t\t<div class=\"elementor-background-overlay\"><\/div>\n\t\t\t\t\t\t<div class=\"elementor-shape elementor-shape-top\" aria-hidden=\"true\" data-negative=\"false\">\n\t\t\t<svg xmlns=\"http:\/\/www.w3.org\/2000\/svg\" viewBox=\"0 0 2600 131.1\" preserveAspectRatio=\"none\">\n\t<path class=\"elementor-shape-fill\" d=\"M0 0L2600 0 2600 69.1 0 0z\"\/>\n\t<path class=\"elementor-shape-fill\" style=\"opacity:0.5\" d=\"M0 0L2600 0 2600 69.1 0 69.1z\"\/>\n\t<path class=\"elementor-shape-fill\" style=\"opacity:0.25\" d=\"M2600 0L0 0 0 130.1 2600 69.1z\"\/>\n<\/svg>\t\t<\/div>\n\t\t\t\t\t<div class=\"elementor-container elementor-column-gap-no\">\n\t\t\t\t\t<div class=\"elementor-column elementor-col-100 elementor-top-column elementor-element elementor-element-ad7e385\" data-id=\"ad7e385\" data-element_type=\"column\" data-e-type=\"column\" data-settings=\"{&quot;background_background&quot;:&quot;gradient&quot;}\">\n\t\t\t<div class=\"elementor-widget-wrap elementor-element-populated\">\n\t\t\t\t\t\t<div class=\"elementor-element elementor-element-4166dbb elementor-widget elementor-widget-heading\" data-id=\"4166dbb\" data-element_type=\"widget\" data-e-type=\"widget\" data-widget_type=\"heading.default\">\n\t\t\t\t<div class=\"elementor-widget-container\">\n\t\t\t\t\t<h6 class=\"elementor-heading-title elementor-size-default\">\u00c7at\u0131n\u0131za GES mi Kurmak \u0130stiyorsunuz ?<\/h6>\t\t\t\t<\/div>\n\t\t\t\t<\/div>\n\t\t\t\t<div class=\"elementor-element elementor-element-9924f6e elementor-widget elementor-widget-icon-box\" data-id=\"9924f6e\" data-element_type=\"widget\" data-e-type=\"widget\" data-widget_type=\"icon-box.default\">\n\t\t\t\t<div class=\"elementor-widget-container\">\n\t\t\t\t\t\t\t<div class=\"elementor-icon-box-wrapper\">\n\n\t\t\t\n\t\t\t\t\t\t<div class=\"elementor-icon-box-content\">\n\n\t\t\t\t\t\t\t\t\t<h2 class=\"elementor-icon-box-title\">\n\t\t\t\t\t\t<span  >\n\t\t\t\t\t\t\tHemen Randevu Olu\u015fturun\t\t\t\t\t\t<\/span>\n\t\t\t\t\t<\/h2>\n\t\t\t\t\n\t\t\t\t\t\t\t\t\t<p class=\"elementor-icon-box-description\">\n\t\t\t\t\t\t\u0130leti\u015fim  bilgilerinizi girerek uzman kadromuz sizlerle ileti\u015fime ge\u00e7mesini, en do\u011fru ve h\u0131zl\u0131 \u00e7\u00f6z\u00fcme ula\u015fman\u0131z\u0131 sa\u011flayabilirsiniz.\t\t\t\t\t<\/p>\n\t\t\t\t\n\t\t\t<\/div>\n\t\t\t\n\t\t<\/div>\n\t\t\t\t\t\t<\/div>\n\t\t\t\t<\/div>\n\t\t\t\t<div class=\"elementor-element elementor-element-8098feb elementor-widget elementor-widget-wpforms\" data-id=\"8098feb\" data-element_type=\"widget\" data-e-type=\"widget\" data-widget_type=\"wpforms.default\">\n\t\t\t\t<div class=\"elementor-widget-container\">\n\t\t\t\t\t<div class=\"wpforms-container inline-fields\" id=\"wpforms-7\"><form id=\"wpforms-form-7\" class=\"wpforms-validate wpforms-form\" data-formid=\"7\" method=\"post\" enctype=\"multipart\/form-data\" action=\"\/index.php?rest_route=%2Fwp%2Fv2%2Fpages%2F11\" data-token=\"ead50ddd281b95d34bda5b3cc900dc6a\" data-token-time=\"1775639188\"><noscript class=\"wpforms-error-noscript\">Please enable JavaScript in your browser to complete this form.<\/noscript><div class=\"wpforms-field-container\"><div id=\"wpforms-7-field_0-container\" class=\"wpforms-field wpforms-field-name\" data-field-id=\"0\"><label class=\"wpforms-field-label wpforms-label-hide\" for=\"wpforms-7-field_0\">Ad\u0131n\u0131z Soyad\u0131n\u0131z <span class=\"wpforms-required-label\">*<\/span><\/label><input type=\"text\" id=\"wpforms-7-field_0\" class=\"wpforms-field-medium wpforms-field-required\" name=\"wpforms[fields][0]\" placeholder=\"Ad\u0131n\u0131z Soyad\u0131n\u0131z\" required><\/div><div id=\"wpforms-7-field_4-container\" class=\"wpforms-field wpforms-field-text\" data-field-id=\"4\"><label class=\"wpforms-field-label wpforms-label-hide\" for=\"wpforms-7-field_4\">Telefon Numaran\u0131z<\/label><input type=\"text\" id=\"wpforms-7-field_4\" class=\"wpforms-field-medium\" name=\"wpforms[fields][4]\" placeholder=\"Telefon Numaran\u0131z\" ><\/div><\/div><!-- .wpforms-field-container --><div class=\"wpforms-submit-container\" ><input type=\"hidden\" name=\"wpforms[id]\" value=\"7\"><input type=\"hidden\" name=\"page_title\" value=\"\"><input type=\"hidden\" name=\"page_url\" value=\"https:\/\/reydaenerji.com.tr\/index.php?rest_route=\/wp\/v2\/pages\/11\"><input type=\"hidden\" name=\"url_referer\" value=\"\"><button type=\"submit\" name=\"wpforms[submit]\" id=\"wpforms-submit-7\" class=\"wpforms-submit\" data-alt-text=\"Sending...\" data-submit-text=\"G\u00f6nder\" aria-live=\"assertive\" value=\"wpforms-submit\">G\u00f6nder<\/button><\/div><\/form><\/div>  <!-- .wpforms-container -->\t\t\t\t<\/div>\n\t\t\t\t<\/div>\n\t\t\t\t\t<\/div>\n\t\t<\/div>\n\t\t\t\t\t<\/div>\n\t\t<\/section>\n\t\t\t\t<\/div>\n\t\t","protected":false},"excerpt":{"rendered":"<p>Hizmetlerimiz Hizmetlerimiz Anahtar Teslim EPC Birinci S\u0131n\u0131f Malzeme, Y\u00fcksek Kaliteli \u0130\u015f\u00e7ilik Reyda Enerji, b\u00fcy\u00fck \u00f6l\u00e7ekli arazi ve \u00e7at\u0131 tipi fotovoltaik g\u00fcne\u015f enerjisi santralleri (GES) kuran deneyimli bir m\u00fchendislik ve taahh\u00fct firmas\u0131d\u0131r. Reyda Enerji, PV projelerinizde saha se\u00e7iminden, sistem tasar\u0131m\u0131na, tesis kurulumundan idari s\u00fcre\u00e7lerin y\u00f6netimine kadar t\u00fcm a\u015famalarda A dan Z\u2019 ye hizmet sunmaktad\u0131r. Reyda Enerji [&hellip;]<\/p>\n","protected":false},"author":0,"featured_media":0,"parent":0,"menu_order":0,"comment_status":"closed","ping_status":"closed","template":"","meta":{"om_disable_all_campaigns":false,"_monsterinsights_skip_tracking":false,"_monsterinsights_sitenote_active":false,"_monsterinsights_sitenote_note":"","_monsterinsights_sitenote_category":0,"site-sidebar-layout":"no-sidebar","site-content-layout":"page-builder","ast-site-content-layout":"default","site-content-style":"default","site-sidebar-style":"default","ast-global-header-display":"","ast-banner-title-visibility":"","ast-main-header-display":"","ast-hfb-above-header-display":"","ast-hfb-below-header-display":"","ast-hfb-mobile-header-display":"","site-post-title":"disabled","ast-breadcrumbs-content":"disabled","ast-featured-img":"disabled","footer-sml-layout":"","ast-disable-related-posts":"","theme-transparent-header-meta":"enabled","adv-header-id-meta":"","stick-header-meta":"","header-above-stick-meta":"","header-main-stick-meta":"","header-below-stick-meta":"","astra-migrate-meta-layouts":"default","ast-page-background-enabled":"default","ast-page-background-meta":{"desktop":{"background-color":"","background-image":"","background-repeat":"repeat","background-position":"center center","background-size":"auto","background-attachment":"scroll","background-type":"","background-media":"","overlay-type":"","overlay-color":"","overlay-opacity":"","overlay-gradient":""},"tablet":{"background-color":"","background-image":"","background-repeat":"repeat","background-position":"center center","background-size":"auto","background-attachment":"scroll","background-type":"","background-media":"","overlay-type":"","overlay-color":"","overlay-opacity":"","overlay-gradient":""},"mobile":{"background-color":"","background-image":"","background-repeat":"repeat","background-position":"center center","background-size":"auto","background-attachment":"scroll","background-type":"","background-media":"","overlay-type":"","overlay-color":"","overlay-opacity":"","overlay-gradient":""}},"ast-content-background-meta":{"desktop":{"background-color":"var(--ast-global-color-5)","background-image":"","background-repeat":"repeat","background-position":"center center","background-size":"auto","background-attachment":"scroll","background-type":"","background-media":"","overlay-type":"","overlay-color":"","overlay-opacity":"","overlay-gradient":""},"tablet":{"background-color":"var(--ast-global-color-5)","background-image":"","background-repeat":"repeat","background-position":"center center","background-size":"auto","background-attachment":"scroll","background-type":"","background-media":"","overlay-type":"","overlay-color":"","overlay-opacity":"","overlay-gradient":""},"mobile":{"background-color":"var(--ast-global-color-5)","background-image":"","background-repeat":"repeat","background-position":"center center","background-size":"auto","background-attachment":"scroll","background-type":"","background-media":"","overlay-type":"","overlay-color":"","overlay-opacity":"","overlay-gradient":""}},"footnotes":""},"class_list":["post-11","page","type-page","status-publish","hentry"],"aioseo_notices":[],"_links":{"self":[{"href":"https:\/\/reydaenerji.com.tr\/index.php?rest_route=\/wp\/v2\/pages\/11","targetHints":{"allow":["GET"]}}],"collection":[{"href":"https:\/\/reydaenerji.com.tr\/index.php?rest_route=\/wp\/v2\/pages"}],"about":[{"href":"https:\/\/reydaenerji.com.tr\/index.php?rest_route=\/wp\/v2\/types\/page"}],"replies":[{"embeddable":true,"href":"https:\/\/reydaenerji.com.tr\/index.php?rest_route=%2Fwp%2Fv2%2Fcomments&post=11"}],"version-history":[{"count":13,"href":"https:\/\/reydaenerji.com.tr\/index.php?rest_route=\/wp\/v2\/pages\/11\/revisions"}],"predecessor-version":[{"id":1140,"href":"https:\/\/reydaenerji.com.tr\/index.php?rest_route=\/wp\/v2\/pages\/11\/revisions\/1140"}],"wp:attachment":[{"href":"https:\/\/reydaenerji.com.tr\/index.php?rest_route=%2Fwp%2Fv2%2Fmedia&parent=11"}],"curies":[{"name":"wp","href":"https:\/\/api.w.org\/{rel}","templated":true}]}}